 {"id":609,"date":"2019-01-11T04:05:43","date_gmt":"2019-01-11T04:05:43","guid":{"rendered":"http:\/\/localhost\/wp_medsupply\/?post_type=product&#038;p=609"},"modified":"2021-04-04T17:32:15","modified_gmt":"2021-04-04T10:32:15","slug":"%e0%b8%81%e0%b8%a5%e0%b9%88%e0%b8%ad%e0%b8%87%e0%b8%aa%e0%b8%b3%e0%b8%a5%e0%b8%b5%e0%b9%83%e0%b8%ab%e0%b8%8d%e0%b9%88-cotton-container","status":"publish","type":"product","link":"https:\/\/www.medsupply.co\/en\/product\/%e0%b8%81%e0%b8%a5%e0%b9%88%e0%b8%ad%e0%b8%87%e0%b8%aa%e0%b8%b3%e0%b8%a5%e0%b8%b5%e0%b9%83%e0%b8%ab%e0%b8%8d%e0%b9%88-cotton-container\/","title":{"rendered":"\u0e01\u0e25\u0e48\u0e2d\u0e07\u0e2a\u0e33\u0e25\u0e35\u0e43\u0e2b\u0e0d\u0e48"},"content":{"rendered":"<h3>\u0e01\u0e25\u0e48\u0e2d\u0e07\u0e2a\u0e33\u0e25\u0e35<\/h3>\n<h3><strong>ITEM PRODUCTS<\/strong><\/h3>\n<p>\u0e01\u0e25\u0e48\u0e2d\u0e07\u0e2a\u0e33\u0e25\u0e35 3 1\/2 x 4 3\/8 \u0e0b\u0e21. \u0e1e\u0e23\u0e49\u0e2d\u0e21\u0e1d\u0e32<br \/>\n\u0e01\u0e25\u0e48\u0e2d\u0e07\u0e2a\u0e33\u0e25\u0e35 4 x 3 \u0e0b\u0e21. \u0e1e\u0e23\u0e49\u0e2d\u0e21\u0e1d\u0e32<br \/>\n\u0e01\u0e25\u0e48\u0e2d\u0e07\u0e2a\u0e33\u0e25\u0e35 4 x 5 \u0e0b\u0e21. \u0e1e\u0e23\u0e49\u0e2d\u0e21\u0e1d\u0e32<br \/>\n\u0e01\u0e25\u0e48\u0e2d\u0e07\u0e2a\u0e33\u0e25\u0e35 5 x 5 \u0e0b\u0e21. \u0e1e\u0e23\u0e49\u0e2d\u0e21\u0e1d\u0e32<br \/>\n\u0e01\u0e25\u0e48\u0e2d\u0e07\u0e2a\u0e33\u0e25\u0e35 5 x 6 1\/2 \u0e0b\u0e21. \u0e1e\u0e23\u0e49\u0e2d\u0e21\u0e1d\u0e32<br \/>\n\u0e01\u0e25\u0e48\u0e2d\u0e07\u0e2a\u0e33\u0e25\u0e35 9 x 11 \u0e0b\u0e21. \u0e1e\u0e23\u0e49\u0e2d\u0e21\u0e1d\u0e32<\/p>\n<h3><strong>SIZE<\/strong><\/h3>\n<p>\u00d890 x H110 mm.<br \/>\n\u00d8102 x H80 mm.<br \/>\n\u00d8102 x H130 mm.<br \/>\n\u00d8123 x H130 mm.<br \/>\n\u00d8123 x H166 mm.<br \/>\n\u00d8180 x H180 mm.<\/p>\n","protected":false},"excerpt":{"rendered":"<p>\u0e01\u0e25\u0e48\u0e2d\u0e07\u0e2a\u0e33\u0e25\u0e35 ITEM PRODUCTS \u0e01\u0e25\u0e48\u0e2d\u0e07\u0e2a\u0e33\u0e25\u0e35 3 1\/2 x 4 3\/8 \u0e0b\u0e21. \u0e1e\u0e23\u0e49\u0e2d\u0e21\u0e1d\u0e32 \u0e01\u0e25\u0e48\u0e2d\u0e07\u0e2a\u0e33\u0e25\u0e35 4 x 3 \u0e0b\u0e21. \u0e1e\u0e23\u0e49\u0e2d\u0e21\u0e1d\u0e32 \u0e01\u0e25\u0e48\u0e2d\u0e07\u0e2a\u0e33\u0e25\u0e35 4 x 5 \u0e0b\u0e21. \u0e1e\u0e23\u0e49\u0e2d\u0e21\u0e1d\u0e32 \u0e01\u0e25\u0e48\u0e2d\u0e07\u0e2a\u0e33\u0e25\u0e35 5 x 5 \u0e0b\u0e21. \u0e1e\u0e23\u0e49\u0e2d\u0e21\u0e1d\u0e32 \u0e01\u0e25\u0e48\u0e2d\u0e07\u0e2a\u0e33\u0e25\u0e35 5 x 6 1\/2 \u0e0b\u0e21. \u0e1e\u0e23\u0e49\u0e2d\u0e21\u0e1d\u0e32 \u0e01\u0e25\u0e48\u0e2d\u0e07\u0e2a\u0e33\u0e25\u0e35 9 x 11 \u0e0b\u0e21. \u0e1e\u0e23\u0e49\u0e2d\u0e21\u0e1d\u0e32 SIZE \u00d890 x H110 mm. \u00d8102 x H80 mm. \u00d8102 x H130 mm. [&hellip;]<\/p>\n","protected":false},"featured_media":1363,"template":"","meta":[],"product_brand":[],"product_cat":[100],"product_tag":[327,328,116,321,329,112],"class_list":{"0":"post-609","1":"product","2":"type-product","3":"status-publish","4":"has-post-thumbnail","6":"product_cat-stainless-container","7":"product_tag-327","8":"product_tag-328","9":"product_tag-116","10":"product_tag-321","11":"product_tag-329","12":"product_tag-112","14":"first","15":"instock","16":"taxable","17":"shipping-taxable","18":"product-type-grouped"},"yoast_head":"<!-- This site is optimized with the Yoast SEO plugin v27.0 - https:\/\/yoast.com\/product\/yoast-seo-wordpress\/ -->\n<title>\u0e01\u0e25\u0e48\u0e2d\u0e07\u0e2a\u0e33\u0e25\u0e35\u0e43\u0e2b\u0e0d\u0e48 - MedSupply.Co<\/title>\n<meta name=\"description\" content=\"\u0e01\u0e25\u0e48\u0e2d\u0e07\u0e2a\u0e41\u0e15\u0e19\u0e40\u0e25\u0e2a\u0e2a\u0e33\u0e2b\u0e23\u0e31\u0e1a\u0e43\u0e2a\u0e48\u0e2a\u0e33\u0e25\u0e35 cotton container\" \/>\n<meta name=\"robots\" content=\"index, follow, max-snippet:-1, max-image-preview:large, max-video-preview:-1\" \/>\n<link rel=\"canonical\" href=\"https:\/\/www.medsupply.co\/en\/product\/\u0e01\u0e25\u0e48\u0e2d\u0e07\u0e2a\u0e33\u0e25\u0e35\u0e43\u0e2b\u0e0d\u0e48-cotton-container\/\" \/>\n<meta property=\"og:locale\" content=\"en_US\" \/>\n<meta property=\"og:locale:alternate\" content=\"th\" \/>\n<meta property=\"og:type\" content=\"article\" \/>\n<meta property=\"og:title\" content=\"\u0e01\u0e25\u0e48\u0e2d\u0e07\u0e2a\u0e33\u0e25\u0e35\u0e43\u0e2b\u0e0d\u0e48 - MedSupply.Co\" \/>\n<meta property=\"og:description\" content=\"\u0e01\u0e25\u0e48\u0e2d\u0e07\u0e2a\u0e41\u0e15\u0e19\u0e40\u0e25\u0e2a\u0e2a\u0e33\u0e2b\u0e23\u0e31\u0e1a\u0e43\u0e2a\u0e48\u0e2a\u0e33\u0e25\u0e35 cotton container\" \/>\n<meta property=\"og:url\" content=\"https:\/\/www.medsupply.co\/en\/product\/\u0e01\u0e25\u0e48\u0e2d\u0e07\u0e2a\u0e33\u0e25\u0e35\u0e43\u0e2b\u0e0d\u0e48-cotton-container\/\" \/>\n<meta property=\"og:site_name\" content=\"MedSupply.Co\" \/>\n<meta property=\"article:publisher\" content=\"https:\/\/www.facebook.com\/profile.php?id=100054339799025\" \/>\n<meta property=\"article:modified_time\" content=\"2021-04-04T10:32:15+00:00\" \/>\n<meta property=\"og:image\" content=\"https:\/\/www.medsupply.co\/wp-content\/uploads\/2019\/01\/\u0e01\u0e25\u0e48\u0e2d\u0e07\u0e43\u0e2a\u0e48\u0e2a\u0e33\u0e25\u0e35-1.png\" \/>\n\t<meta property=\"og:image:width\" content=\"260\" \/>\n\t<meta property=\"og:image:height\" content=\"255\" \/>\n\t<meta property=\"og:image:type\" content=\"image\/png\" \/>\n<meta name=\"twitter:card\" content=\"summary_large_image\" \/>\n<script type=\"application\/ld+json\" class=\"yoast-schema-graph\">{\"@context\":\"https:\/\/schema.org\",\"@graph\":[{\"@type\":\"WebPage\",\"@id\":\"https:\/\/www.medsupply.co\/product\/%e0%b8%81%e0%b8%a5%e0%b9%88%e0%b8%ad%e0%b8%87%e0%b8%aa%e0%b8%b3%e0%b8%a5%e0%b8%b5%e0%b9%83%e0%b8%ab%e0%b8%8d%e0%b9%88-cotton-container\/\",\"url\":\"https:\/\/www.medsupply.co\/product\/%e0%b8%81%e0%b8%a5%e0%b9%88%e0%b8%ad%e0%b8%87%e0%b8%aa%e0%b8%b3%e0%b8%a5%e0%b8%b5%e0%b9%83%e0%b8%ab%e0%b8%8d%e0%b9%88-cotton-container\/\",\"name\":\"\u0e01\u0e25\u0e48\u0e2d\u0e07\u0e2a\u0e33\u0e25\u0e35\u0e43\u0e2b\u0e0d\u0e48 - MedSupply.Co\",\"isPartOf\":{\"@id\":\"https:\/\/www.medsupply.co\/#website\"},\"primaryImageOfPage\":{\"@id\":\"https:\/\/www.medsupply.co\/product\/%e0%b8%81%e0%b8%a5%e0%b9%88%e0%b8%ad%e0%b8%87%e0%b8%aa%e0%b8%b3%e0%b8%a5%e0%b8%b5%e0%b9%83%e0%b8%ab%e0%b8%8d%e0%b9%88-cotton-container\/#primaryimage\"},\"image\":{\"@id\":\"https:\/\/www.medsupply.co\/product\/%e0%b8%81%e0%b8%a5%e0%b9%88%e0%b8%ad%e0%b8%87%e0%b8%aa%e0%b8%b3%e0%b8%a5%e0%b8%b5%e0%b9%83%e0%b8%ab%e0%b8%8d%e0%b9%88-cotton-container\/#primaryimage\"},\"thumbnailUrl\":\"https:\/\/www.medsupply.co\/wp-content\/uploads\/2019\/01\/\u0e01\u0e25\u0e48\u0e2d\u0e07\u0e43\u0e2a\u0e48\u0e2a\u0e33\u0e25\u0e35-1.png\",\"datePublished\":\"2019-01-11T04:05:43+00:00\",\"dateModified\":\"2021-04-04T10:32:15+00:00\",\"description\":\"\u0e01\u0e25\u0e48\u0e2d\u0e07\u0e2a\u0e41\u0e15\u0e19\u0e40\u0e25\u0e2a\u0e2a\u0e33\u0e2b\u0e23\u0e31\u0e1a\u0e43\u0e2a\u0e48\u0e2a\u0e33\u0e25\u0e35 cotton container\",\"breadcrumb\":{\"@id\":\"https:\/\/www.medsupply.co\/product\/%e0%b8%81%e0%b8%a5%e0%b9%88%e0%b8%ad%e0%b8%87%e0%b8%aa%e0%b8%b3%e0%b8%a5%e0%b8%b5%e0%b9%83%e0%b8%ab%e0%b8%8d%e0%b9%88-cotton-container\/#breadcrumb\"},\"inLanguage\":\"en-US\",\"potentialAction\":[{\"@type\":\"ReadAction\",\"target\":[\"https:\/\/www.medsupply.co\/product\/%e0%b8%81%e0%b8%a5%e0%b9%88%e0%b8%ad%e0%b8%87%e0%b8%aa%e0%b8%b3%e0%b8%a5%e0%b8%b5%e0%b9%83%e0%b8%ab%e0%b8%8d%e0%b9%88-cotton-container\/\"]}]},{\"@type\":\"ImageObject\",\"inLanguage\":\"en-US\",\"@id\":\"https:\/\/www.medsupply.co\/product\/%e0%b8%81%e0%b8%a5%e0%b9%88%e0%b8%ad%e0%b8%87%e0%b8%aa%e0%b8%b3%e0%b8%a5%e0%b8%b5%e0%b9%83%e0%b8%ab%e0%b8%8d%e0%b9%88-cotton-container\/#primaryimage\",\"url\":\"https:\/\/www.medsupply.co\/wp-content\/uploads\/2019\/01\/\u0e01\u0e25\u0e48\u0e2d\u0e07\u0e43\u0e2a\u0e48\u0e2a\u0e33\u0e25\u0e35-1.png\",\"contentUrl\":\"https:\/\/www.medsupply.co\/wp-content\/uploads\/2019\/01\/\u0e01\u0e25\u0e48\u0e2d\u0e07\u0e43\u0e2a\u0e48\u0e2a\u0e33\u0e25\u0e35-1.png\",\"width\":260,\"height\":255},{\"@type\":\"BreadcrumbList\",\"@id\":\"https:\/\/www.medsupply.co\/product\/%e0%b8%81%e0%b8%a5%e0%b9%88%e0%b8%ad%e0%b8%87%e0%b8%aa%e0%b8%b3%e0%b8%a5%e0%b8%b5%e0%b9%83%e0%b8%ab%e0%b8%8d%e0%b9%88-cotton-container\/#breadcrumb\",\"itemListElement\":[{\"@type\":\"ListItem\",\"position\":1,\"name\":\"Home\",\"item\":\"https:\/\/www.medsupply.co\/\"},{\"@type\":\"ListItem\",\"position\":2,\"name\":\"\u0e23\u0e49\u0e32\u0e19\u0e04\u0e49\u0e32\",\"item\":\"https:\/\/www.medsupply.co\/shop\/\"},{\"@type\":\"ListItem\",\"position\":3,\"name\":\"\u0e01\u0e25\u0e48\u0e2d\u0e07\u0e2a\u0e33\u0e25\u0e35\u0e43\u0e2b\u0e0d\u0e48\"}]},{\"@type\":\"WebSite\",\"@id\":\"https:\/\/www.medsupply.co\/#website\",\"url\":\"https:\/\/www.medsupply.co\/\",\"name\":\"MEDSUPPLY.Co\",\"description\":\"Medical Equipments Supply\u0e40\u0e04\u0e23\u0e37\u0e48\u0e2d\u0e07\u0e21\u0e37\u0e2d\u0e41\u0e1e\u0e17\u0e22\u0e4c \u0e27\u0e31\u0e2a\u0e14\u0e38\u0e17\u0e32\u0e07\u0e01\u0e32\u0e23\u0e41\u0e1e\u0e17\u0e22\u0e4c\",\"publisher\":{\"@id\":\"https:\/\/www.medsupply.co\/#organization\"},\"potentialAction\":[{\"@type\":\"SearchAction\",\"target\":{\"@type\":\"EntryPoint\",\"urlTemplate\":\"https:\/\/www.medsupply.co\/?s={search_term_string}\"},\"query-input\":{\"@type\":\"PropertyValueSpecification\",\"valueRequired\":true,\"valueName\":\"search_term_string\"}}],\"inLanguage\":\"en-US\"},{\"@type\":\"Organization\",\"@id\":\"https:\/\/www.medsupply.co\/#organization\",\"name\":\"Nutri Plus Intertrade Co.,Ltd.\",\"url\":\"https:\/\/www.medsupply.co\/\",\"logo\":{\"@type\":\"ImageObject\",\"inLanguage\":\"en-US\",\"@id\":\"https:\/\/www.medsupply.co\/#\/schema\/logo\/image\/\",\"url\":\"https:\/\/www.medsupply.co\/wp-content\/uploads\/2024\/02\/Logo-Nam-white1.jpg\",\"contentUrl\":\"https:\/\/www.medsupply.co\/wp-content\/uploads\/2024\/02\/Logo-Nam-white1.jpg\",\"width\":471,\"height\":179,\"caption\":\"Nutri Plus Intertrade Co.,Ltd.\"},\"image\":{\"@id\":\"https:\/\/www.medsupply.co\/#\/schema\/logo\/image\/\"},\"sameAs\":[\"https:\/\/www.facebook.com\/profile.php?id=100054339799025\"]}]}<\/script>\n<!-- \/ Yoast SEO plugin. -->","yoast_head_json":{"title":"\u0e01\u0e25\u0e48\u0e2d\u0e07\u0e2a\u0e33\u0e25\u0e35\u0e43\u0e2b\u0e0d\u0e48 - MedSupply.Co","description":"\u0e01\u0e25\u0e48\u0e2d\u0e07\u0e2a\u0e41\u0e15\u0e19\u0e40\u0e25\u0e2a\u0e2a\u0e33\u0e2b\u0e23\u0e31\u0e1a\u0e43\u0e2a\u0e48\u0e2a\u0e33\u0e25\u0e35 cotton container","robots":{"index":"index","follow":"follow","max-snippet":"max-snippet:-1","max-image-preview":"max-image-preview:large","max-video-preview":"max-video-preview:-1"},"canonical":"https:\/\/www.medsupply.co\/en\/product\/\u0e01\u0e25\u0e48\u0e2d\u0e07\u0e2a\u0e33\u0e25\u0e35\u0e43\u0e2b\u0e0d\u0e48-cotton-container\/","og_locale":"en_US","og_type":"article","og_title":"\u0e01\u0e25\u0e48\u0e2d\u0e07\u0e2a\u0e33\u0e25\u0e35\u0e43\u0e2b\u0e0d\u0e48 - MedSupply.Co","og_description":"\u0e01\u0e25\u0e48\u0e2d\u0e07\u0e2a\u0e41\u0e15\u0e19\u0e40\u0e25\u0e2a\u0e2a\u0e33\u0e2b\u0e23\u0e31\u0e1a\u0e43\u0e2a\u0e48\u0e2a\u0e33\u0e25\u0e35 cotton container","og_url":"https:\/\/www.medsupply.co\/en\/product\/\u0e01\u0e25\u0e48\u0e2d\u0e07\u0e2a\u0e33\u0e25\u0e35\u0e43\u0e2b\u0e0d\u0e48-cotton-container\/","og_site_name":"MedSupply.Co","article_publisher":"https:\/\/www.facebook.com\/profile.php?id=100054339799025","article_modified_time":"2021-04-04T10:32:15+00:00","og_image":[{"width":260,"height":255,"url":"https:\/\/www.medsupply.co\/wp-content\/uploads\/2019\/01\/\u0e01\u0e25\u0e48\u0e2d\u0e07\u0e43\u0e2a\u0e48\u0e2a\u0e33\u0e25\u0e35-1.png","type":"image\/png"}],"twitter_card":"summary_large_image","schema":{"@context":"https:\/\/schema.org","@graph":[{"@type":"WebPage","@id":"https:\/\/www.medsupply.co\/product\/%e0%b8%81%e0%b8%a5%e0%b9%88%e0%b8%ad%e0%b8%87%e0%b8%aa%e0%b8%b3%e0%b8%a5%e0%b8%b5%e0%b9%83%e0%b8%ab%e0%b8%8d%e0%b9%88-cotton-container\/","url":"https:\/\/www.medsupply.co\/product\/%e0%b8%81%e0%b8%a5%e0%b9%88%e0%b8%ad%e0%b8%87%e0%b8%aa%e0%b8%b3%e0%b8%a5%e0%b8%b5%e0%b9%83%e0%b8%ab%e0%b8%8d%e0%b9%88-cotton-container\/","name":"\u0e01\u0e25\u0e48\u0e2d\u0e07\u0e2a\u0e33\u0e25\u0e35\u0e43\u0e2b\u0e0d\u0e48 - MedSupply.Co","isPartOf":{"@id":"https:\/\/www.medsupply.co\/#website"},"primaryImageOfPage":{"@id":"https:\/\/www.medsupply.co\/product\/%e0%b8%81%e0%b8%a5%e0%b9%88%e0%b8%ad%e0%b8%87%e0%b8%aa%e0%b8%b3%e0%b8%a5%e0%b8%b5%e0%b9%83%e0%b8%ab%e0%b8%8d%e0%b9%88-cotton-container\/#primaryimage"},"image":{"@id":"https:\/\/www.medsupply.co\/product\/%e0%b8%81%e0%b8%a5%e0%b9%88%e0%b8%ad%e0%b8%87%e0%b8%aa%e0%b8%b3%e0%b8%a5%e0%b8%b5%e0%b9%83%e0%b8%ab%e0%b8%8d%e0%b9%88-cotton-container\/#primaryimage"},"thumbnailUrl":"https:\/\/www.medsupply.co\/wp-content\/uploads\/2019\/01\/\u0e01\u0e25\u0e48\u0e2d\u0e07\u0e43\u0e2a\u0e48\u0e2a\u0e33\u0e25\u0e35-1.png","datePublished":"2019-01-11T04:05:43+00:00","dateModified":"2021-04-04T10:32:15+00:00","description":"\u0e01\u0e25\u0e48\u0e2d\u0e07\u0e2a\u0e41\u0e15\u0e19\u0e40\u0e25\u0e2a\u0e2a\u0e33\u0e2b\u0e23\u0e31\u0e1a\u0e43\u0e2a\u0e48\u0e2a\u0e33\u0e25\u0e35 cotton container","breadcrumb":{"@id":"https:\/\/www.medsupply.co\/product\/%e0%b8%81%e0%b8%a5%e0%b9%88%e0%b8%ad%e0%b8%87%e0%b8%aa%e0%b8%b3%e0%b8%a5%e0%b8%b5%e0%b9%83%e0%b8%ab%e0%b8%8d%e0%b9%88-cotton-container\/#breadcrumb"},"inLanguage":"en-US","potentialAction":[{"@type":"ReadAction","target":["https:\/\/www.medsupply.co\/product\/%e0%b8%81%e0%b8%a5%e0%b9%88%e0%b8%ad%e0%b8%87%e0%b8%aa%e0%b8%b3%e0%b8%a5%e0%b8%b5%e0%b9%83%e0%b8%ab%e0%b8%8d%e0%b9%88-cotton-container\/"]}]},{"@type":"ImageObject","inLanguage":"en-US","@id":"https:\/\/www.medsupply.co\/product\/%e0%b8%81%e0%b8%a5%e0%b9%88%e0%b8%ad%e0%b8%87%e0%b8%aa%e0%b8%b3%e0%b8%a5%e0%b8%b5%e0%b9%83%e0%b8%ab%e0%b8%8d%e0%b9%88-cotton-container\/#primaryimage","url":"https:\/\/www.medsupply.co\/wp-content\/uploads\/2019\/01\/\u0e01\u0e25\u0e48\u0e2d\u0e07\u0e43\u0e2a\u0e48\u0e2a\u0e33\u0e25\u0e35-1.png","contentUrl":"https:\/\/www.medsupply.co\/wp-content\/uploads\/2019\/01\/\u0e01\u0e25\u0e48\u0e2d\u0e07\u0e43\u0e2a\u0e48\u0e2a\u0e33\u0e25\u0e35-1.png","width":260,"height":255},{"@type":"BreadcrumbList","@id":"https:\/\/www.medsupply.co\/product\/%e0%b8%81%e0%b8%a5%e0%b9%88%e0%b8%ad%e0%b8%87%e0%b8%aa%e0%b8%b3%e0%b8%a5%e0%b8%b5%e0%b9%83%e0%b8%ab%e0%b8%8d%e0%b9%88-cotton-container\/#breadcrumb","itemListElement":[{"@type":"ListItem","position":1,"name":"Home","item":"https:\/\/www.medsupply.co\/"},{"@type":"ListItem","position":2,"name":"\u0e23\u0e49\u0e32\u0e19\u0e04\u0e49\u0e32","item":"https:\/\/www.medsupply.co\/shop\/"},{"@type":"ListItem","position":3,"name":"\u0e01\u0e25\u0e48\u0e2d\u0e07\u0e2a\u0e33\u0e25\u0e35\u0e43\u0e2b\u0e0d\u0e48"}]},{"@type":"WebSite","@id":"https:\/\/www.medsupply.co\/#website","url":"https:\/\/www.medsupply.co\/","name":"MEDSUPPLY.Co","description":"Medical Equipments Supply\u0e40\u0e04\u0e23\u0e37\u0e48\u0e2d\u0e07\u0e21\u0e37\u0e2d\u0e41\u0e1e\u0e17\u0e22\u0e4c \u0e27\u0e31\u0e2a\u0e14\u0e38\u0e17\u0e32\u0e07\u0e01\u0e32\u0e23\u0e41\u0e1e\u0e17\u0e22\u0e4c","publisher":{"@id":"https:\/\/www.medsupply.co\/#organization"},"potentialAction":[{"@type":"SearchAction","target":{"@type":"EntryPoint","urlTemplate":"https:\/\/www.medsupply.co\/?s={search_term_string}"},"query-input":{"@type":"PropertyValueSpecification","valueRequired":true,"valueName":"search_term_string"}}],"inLanguage":"en-US"},{"@type":"Organization","@id":"https:\/\/www.medsupply.co\/#organization","name":"Nutri Plus Intertrade Co.,Ltd.","url":"https:\/\/www.medsupply.co\/","logo":{"@type":"ImageObject","inLanguage":"en-US","@id":"https:\/\/www.medsupply.co\/#\/schema\/logo\/image\/","url":"https:\/\/www.medsupply.co\/wp-content\/uploads\/2024\/02\/Logo-Nam-white1.jpg","contentUrl":"https:\/\/www.medsupply.co\/wp-content\/uploads\/2024\/02\/Logo-Nam-white1.jpg","width":471,"height":179,"caption":"Nutri Plus Intertrade Co.,Ltd."},"image":{"@id":"https:\/\/www.medsupply.co\/#\/schema\/logo\/image\/"},"sameAs":["https:\/\/www.facebook.com\/profile.php?id=100054339799025"]}]}},"_links":{"self":[{"href":"https:\/\/www.medsupply.co\/en\/wp-json\/wp\/v2\/product\/609","targetHints":{"allow":["GET"]}}],"collection":[{"href":"https:\/\/www.medsupply.co\/en\/wp-json\/wp\/v2\/product"}],"about":[{"href":"https:\/\/www.medsupply.co\/en\/wp-json\/wp\/v2\/types\/product"}],"wp:featuredmedia":[{"embeddable":true,"href":"https:\/\/www.medsupply.co\/en\/wp-json\/wp\/v2\/media\/1363"}],"wp:attachment":[{"href":"https:\/\/www.medsupply.co\/en\/wp-json\/wp\/v2\/media?parent=609"}],"wp:term":[{"taxonomy":"product_brand","embeddable":true,"href":"https:\/\/www.medsupply.co\/en\/wp-json\/wp\/v2\/product_brand?post=609"},{"taxonomy":"product_cat","embeddable":true,"href":"https:\/\/www.medsupply.co\/en\/wp-json\/wp\/v2\/product_cat?post=609"},{"taxonomy":"product_tag","embeddable":true,"href":"https:\/\/www.medsupply.co\/en\/wp-json\/wp\/v2\/product_tag?post=609"}],"curies":[{"name":"wp","href":"https:\/\/api.w.org\/{rel}","templated":true}]}}